{"id":7089,"date":"2016-01-29T12:05:25","date_gmt":"2016-01-29T12:05:25","guid":{"rendered":"http:\/\/www.zamakonayards.com\/beta\/en\/?page_id=7089"},"modified":"2025-10-21T10:42:22","modified_gmt":"2025-10-21T10:42:22","slug":"repnaval-shipyard","status":"publish","type":"page","link":"https:\/\/www.zamakonayards.com\/en\/companies\/repnaval-shipyard\/","title":{"rendered":"REPNAVAL Shipyard"},"content":{"rendered":"<div class=\"wpb-content-wrapper\"><p>[vc_row row_type=&#8221;fullwidth_content&#8221; parallax_speed=&#8221;0.5&#8243;][vc_column][rev_slider_vc alias=&#8221;repnaval-eng&#8221;][\/vc_column][\/vc_row][vc_row full_width=&#8221;stretch_row&#8221; background_color=&#8221;#022e64&#8243; css=&#8221;.vc_custom_1693919017182{padding-top: 10px !important;padding-bottom: 10px !important;}&#8221; el_class=&#8221;fila_iconos_sociales&#8221;][vc_column text_align=&#8221;center&#8221; offset=&#8221;vc_col-lg-offset-0 vc_col-lg-12&#8243;]<div class=\"za-custom-icon\"><a href=\"http:\/\/www.linkedin.com\/company\/1143090?trk=tyah\" target=\"_blank\"><i class=\"fa fa-linkedin font-icon\" style=\" font-size:22px; color:#315ea2; background-color:#c2cfe3; border:0 solid transparent; line-height:31px; width:31px; height:31px; border-radius: 50px; -webkit-border-radius: 50px; -moz-border-radius: 50px; -o-border-radius: 50px;\" onmouseover=\"\" onmouseout=\" this.style.color='#315ea2'; this.style.backgroundColor='#c2cfe3'; this.style.borderColor='transparent';\"><\/i><\/a><\/div><div class=\"za-custom-icon\"><a href=\"http:\/\/www.facebook.com\/pages\/Zamakona-Yards\/242610949194003\" target=\"_blank\"><i class=\"fa fa-facebook font-icon\" style=\" font-size:22px; color:#315ea2; background-color:#c2cfe3; border:0 solid transparent; line-height:31px; width:31px; height:31px; border-radius: 50px; -webkit-border-radius: 50px; -moz-border-radius: 50px; -o-border-radius: 50px;\" onmouseover=\"\" onmouseout=\" this.style.color='#315ea2'; this.style.backgroundColor='#c2cfe3'; this.style.borderColor='transparent';\"><\/i><\/a><\/div><div class=\"za-custom-icon\"><a href=\"http:\/\/www.youtube.com\/user\/zamakonayards\" target=\"_blank\"><i class=\"fa fa-youtube font-icon\" style=\" font-size:22px; color:#315ea2; background-color:#c2cfe3; border:0 solid transparent; line-height:31px; width:31px; height:31px; border-radius: 50px; -webkit-border-radius: 50px; -moz-border-radius: 50px; -o-border-radius: 50px;\" onmouseover=\"\" onmouseout=\" this.style.color='#315ea2'; this.style.backgroundColor='#c2cfe3'; this.style.borderColor='transparent';\"><\/i><\/a><\/div><div class=\"za-custom-icon\"><a href=\"https:\/\/twitter.com\/ZamakonaYards\" target=\"_blank\"><i class=\"fa fa-twitter font-icon\" style=\" font-size:22px; color:#315ea2; background-color:#c2cfe3; border:0 solid transparent; line-height:31px; width:31px; height:31px; border-radius: 50px; -webkit-border-radius: 50px; -moz-border-radius: 50px; -o-border-radius: 50px;\" onmouseover=\"\" onmouseout=\" this.style.color='#315ea2'; this.style.backgroundColor='#c2cfe3'; this.style.borderColor='transparent';\"><\/i><\/a><\/div><div class=\"za-custom-icon\"><a href=\"http:\/\/www.zamakonayards.com\/eng\/blog\/?feed=rss2\" target=\"_blank\"><i class=\"fa fa-rss font-icon\" style=\" font-size:22px; color:#315ea2; background-color:#c2cfe3; border:0 solid transparent; line-height:31px; width:31px; height:31px; border-radius: 50px; -webkit-border-radius: 50px; -moz-border-radius: 50px; -o-border-radius: 50px;\" onmouseover=\"\" onmouseout=\" this.style.color='#315ea2'; this.style.backgroundColor='#c2cfe3'; this.style.borderColor='transparent';\"><\/i><\/a><\/div><div class=\"za-custom-icon\"><a href=\"https:\/\/plus.google.com\/u\/0\/101209027986105786375\/posts\" target=\"_blank\"><i class=\"fa fa-google-plus font-icon\" style=\" font-size:22px; color:#315ea2; background-color:#c2cfe3; border:0 solid transparent; line-height:31px; width:31px; height:31px; border-radius: 50px; -webkit-border-radius: 50px; -moz-border-radius: 50px; -o-border-radius: 50px;\" onmouseover=\"\" onmouseout=\" this.style.color='#315ea2'; this.style.backgroundColor='#c2cfe3'; this.style.borderColor='transparent';\"><\/i><\/a><\/div>[\/vc_column][\/vc_row][vc_row el_class=&#8221;fila_botones&#8221; css=&#8221;.vc_custom_1693919384049{padding-top: 40px !important;}&#8221;][vc_column]<div class=\"custom-font \" style=\"text-align:left\"><h1 class=\"custom-font-element custom-font-1 \" style=\"font-size:22px; line-height:28px; letter-spacing:0px; color:#022e64; \"> REPNAVAL\u00a0<span style=\"color: #ef7f1a;\">Shipyards<\/span> <\/h1 ><\/div>[\/vc_column][\/vc_row][vc_row css=&#8221;.vc_custom_1449169407342{padding-top: 0px !important;}&#8221;][vc_column width=&#8221;7\/12&#8243;]<div class=\"custom-font \" style=\"text-align:left\"><h4 class=\"custom-font-element custom-font-1  vc_custom_1454074915327\" style=\"font-size:18px; line-height:24px; text-transform:uppercase; letter-spacing:0px; color:#181818; \"><\/p>\n<div>REPNAVAL Today<\/div>\n<p><\/h4 ><\/div><div class=\"divider solid-line\" style=\"text-align:left;\"><div class=\"divider-elm solid-line\" style=\"margin-top:10px; border-bottom: 2px solid #ef7f1a; width: 7%;\"><\/div><\/div>[vc_column_text css=&#8221;.vc_custom_1454075026246{padding-top: 30px !important;padding-bottom: 20px !important;}&#8221;]<\/p>\n<div style=\"text-align: justify;\"><span style=\"font-size: 16px;\"><strong>Quality objetives<\/strong><\/span><\/div>\n<div style=\"text-align: justify;\">\u00a0<\/div>\n<div style=\"text-align: justify;\"><strong>REPNAVAL<\/strong> is a shipyard specialized in repairs, conversions and maintenance of ships weighing up to 5500 MT in dry dock. Its facilities are equipped with 5 slipways ready to dry dock ships of maximum dimensions of 123 meters long and 21 meters wide.<\/div>\n<div style=\"text-align: justify;\">\u00a0<\/div>\n<div style=\"text-align: justify;\">In our facilities we have also a 120 meters long fitting pier with a maximum draught of 7 meters. This infrastructure allows us to provide a floating repair service without dry docking.<\/div>\n<div style=\"text-align: justify;\">\u00a0<\/div>\n<div style=\"text-align: justify;\">We have at our facilities various types of machinery, from lathes, fixed and portable boring machines, honing machines, an ultrasound machine, state-of-theart machinery for mobile alignment and laser honing. Everything required to provide an efficient service.<\/div>\n<div style=\"text-align: justify;\">\u00a0<\/div>\n<div style=\"text-align: justify;\">Environmental and Occupational Health and Safety REPNAVAL&#8217;s commitment is to render maximum quality services in keeping with labour risks prevention and eco-friendly activities.<\/div>\n<div style=\"text-align: justify;\">\u00a0<\/div>\n<div style=\"text-align: justify;\">In order to achieve these priority objectives:<\/div>\n<ul style=\"list-style-type: square;\">\n<li style=\"text-align: justify;\">We strive to constantly improve.<\/li>\n<li style=\"text-align: justify;\">We maintain close, interactive communication with our clients.<\/li>\n<li style=\"text-align: justify;\">We apply an Integrated Management System in all our operations.<\/li>\n<\/ul>\n<div>\u00a0<\/div>\n<div style=\"text-align: justify;\">Work is carried out with full guarantee and in accordance to the world`s major classification societies, such as Lloyd\u00b4s Register of Shipping, Bureau Veritas, Germanischer Lloyd\u00b4s, Registro Italiano Navale, Nipon Kaiji Kyokai, De Norske Veritas, American Bureau of Shipping, etc.<\/div>\n<p>[\/vc_column_text][\/vc_column][vc_column text_align=&#8221;right&#8221; width=&#8221;5\/12&#8243; el_class=&#8221;col_imagen&#8221; css=&#8221;.vc_custom_1449749902205{padding-top: 30px !important;}&#8221;][vc_column_text]<\/p>\n<div><img loading=\"lazy\" decoding=\"async\" class=\"aligncenter wp-image-6215 size-full\" src=\"http:\/\/www.zamakonayards.com\/wp-content\/uploads\/2015\/01\/astillero_repnaval.jpg\" alt=\"\" width=\"640\" height=\"520\" srcset=\"https:\/\/www.zamakonayards.com\/wp-content\/uploads\/2015\/01\/astillero_repnaval.jpg 640w, https:\/\/www.zamakonayards.com\/wp-content\/uploads\/2015\/01\/astillero_repnaval-342x278.jpg 342w\" sizes=\"auto, (max-width: 640px) 100vw, 640px\" \/><\/div>\n<div>\u00a0<\/div>\n<div>\u00a0<\/div>\n<div><img loading=\"lazy\" decoding=\"async\" class=\"aligncenter wp-image-6069 size-full\" src=\"http:\/\/www.zamakonayards.com\/wp-content\/uploads\/2015\/12\/societiesclasif.jpg\" alt=\"societiesclasif\" width=\"438\" height=\"77\" srcset=\"https:\/\/www.zamakonayards.com\/wp-content\/uploads\/2015\/12\/societiesclasif.jpg 438w, https:\/\/www.zamakonayards.com\/wp-content\/uploads\/2015\/12\/societiesclasif-342x60.jpg 342w\" sizes=\"auto, (max-width: 438px) 100vw, 438px\" \/><\/div>\n<p>[\/vc_column_text][\/vc_column][\/vc_row][vc_row row_type=&#8221;fullwidth_content&#8221; css=&#8221;.vc_custom_1693919550072{padding-top: 30px !important;padding-bottom: 50px !important;}&#8221;][vc_column]<div class=\"divider solid-line\" style=\"text-align:center;\"><div class=\"divider-elm solid-line\" style=\"border-bottom: 1px solid #dddddd; width: 100%;\"><\/div><\/div>[\/vc_column][\/vc_row][vc_row css=&#8221;.vc_custom_1693919518364{padding-top: 0px !important;}&#8221;][vc_column width=&#8221;1\/2&#8243; css=&#8221;.vc_custom_1449488803447{padding-right: 30px !important;}&#8221;]<div class=\"custom-font \" style=\"text-align:left\"><h4 class=\"custom-font-element custom-font-1  vc_custom_1454075035851\" style=\"font-size:18px; line-height:24px; text-transform:uppercase; letter-spacing:0px; color:#181818; \">Services<\/h4 ><\/div><div class=\"divider solid-line\" style=\"text-align:left;\"><div class=\"divider-elm solid-line\" style=\"margin-top:10px; border-bottom: 2px solid #ef7f1a; width: 7%;\"><\/div><\/div>[vc_column_text css=&#8221;.vc_custom_1454075187669{padding-top: 20px !important;padding-bottom: 30px !important;}&#8221;]<\/p>\n<div><span style=\"font-size: 16px;\"><strong>Facilities, Services and Experience<\/strong><\/span><\/div>\n<div>\u00a0<\/div>\n<div><strong>Technical Department.<\/strong> Engineering and Projects.<\/div>\n<div>\u00a0<\/div>\n<div><strong>Electrical and Electronic Department.<\/strong><\/div>\n<div>\u00a0<\/div>\n<div style=\"text-align: justify;\"><strong>Mechanical department.<\/strong> Engines, fuel pumps, regulators, on-site machining, laser alignment, chock fast, spacers, all types of pumps, purifiers, air compressors, turbochargers, pneumatic engine starters, refrigerators, coolers, non-destructive testing, fog detectors, remote-control system, etc.<\/div>\n<div>\u00a0<\/div>\n<div style=\"text-align: justify;\"><strong>Boiler department.<\/strong> Welding steel, aluminium, copper, pipework, underwater work, degassing and cleaning of tanks, etc. Our procedures and welders are certified by BUREAU VERITAS (BV) and AMERICAN BUREAU OF SHIPPING (ABS). Other services. Inspection and testing of davits and props, joinery, insulation, etc<\/div>\n<div>\u00a0<\/div>\n<div style=\"text-align: justify;\"><strong>Repnaval<\/strong> also provides basic services that facilitate accommodation while repairs are pending:<\/div>\n<ul style=\"list-style-type: square;\">\n<li>We provide offices and conference rooms with internet access for our clients.<\/li>\n<li>Health services for crew on land. Washrooms, showers and toilets: hot and cold water.<\/li>\n<li>Kitchen service, dining rooms and refrigerators for crews and used by their chefs.<\/li>\n<li>Fire service.<\/li>\n<li>Providing access to the ship.<\/li>\n<li>Compressed air service, 7 to 10 BARS.<\/li>\n<li>Waste removal and management.<\/li>\n<li>Cranes and Elevator Service.<\/li>\n<\/ul>\n<p>[\/vc_column_text]<div class=\"custom-font \" style=\"text-align:left\"><h4 class=\"custom-font-element custom-font-1  vc_custom_1454075304390\" style=\"font-size:18px; line-height:24px; text-transform:uppercase; letter-spacing:0px; color:#181818; \">Contact<\/h4 ><\/div><div class=\"divider solid-line\" style=\"text-align:left;\"><div class=\"divider-elm solid-line\" style=\"margin-top:10px; border-bottom: 2px solid #ef7f1a; width: 7%;\"><\/div><\/div>[vc_column_text css=&#8221;.vc_custom_1454075315203{padding-top: 20px !important;}&#8221;]<\/p>\n<div><span style=\"font-size: 16px;\"><strong>REPNAVAL SHIPYARDS<\/strong><\/span><\/div>\n<div>\u00a0<\/div>\n<div>CIA. Trasatl\u00e1ntica Espa\u00f1ola, s\/n.<\/div>\n<div>D\u00e1rsena Exterior. Puerto de Las Palmas.<\/div>\n<div>35008 Las Palmas de Gran Canaria &#8211; SPAIN<\/div>\n<div>\u00a0<\/div>\n<div>Phones: 34 928 467 521<\/div>\n<div>Fax: 34 928 461 233<\/div>\n<p>[\/vc_column_text][\/vc_column][vc_column width=&#8221;1\/2&#8243; el_class=&#8221;col_conpadding&#8221;]<div class=\"custom-font \" style=\"text-align:left\"><h4 class=\"custom-font-element custom-font-1  vc_custom_1454075199595\" style=\"font-size:18px; line-height:24px; text-transform:uppercase; letter-spacing:0px; color:#181818; \">Location<\/h4 ><\/div><div class=\"divider solid-line\" style=\"text-align:left;\"><div class=\"divider-elm solid-line\" style=\"margin-top:10px; border-bottom: 2px solid #ef7f1a; width: 7%;\"><\/div><\/div>[vc_column_text css=&#8221;.vc_custom_1454075295436{padding-top: 20px !important;}&#8221;]<\/p>\n<div style=\"text-align: justify;\">The Port of Las Palmas, also known as Puerto de la Luz or Puerto de la Luz y de Las Palmas, is a commercial and passenger port, with fishing vessels and a yacht marina in the city of Las Palmas de Gran Canaria, Spain.<\/div>\n<div style=\"text-align: justify;\">\u00a0<\/div>\n<div style=\"text-align: justify;\">For five centuries, the Port of Las Palmas has served as a traditional stopover and supply base for ships on their way through the Middle Atlantic.<\/div>\n<div style=\"text-align: justify;\">\u00a0<\/div>\n<div style=\"text-align: justify;\">The Port of Las Palmas is the first port of the Canary Islands and also the first port in the Middle Atlantic the greatest transit junction between Europe, Africa and America. In turn, it constitutes one of the main ports of Spain and the first of the geographical area of West Africa.<\/div>\n<div style=\"text-align: justify;\">\u00a0<\/div>\n<div style=\"text-align: justify;\">The traditional port of call for cruises on this route and where every year over one million passengers, between tourists and passengers of domestic routes, travel between the islands and the mainland.<\/div>\n<div style=\"text-align: justify;\">\u00a0<\/div>\n<div style=\"text-align: justify;\">\u00a0<\/div>\n<div style=\"text-align: justify;\">\u00a0<\/div>\n<div><iframe loading=\"lazy\" style=\"border: 0;\" src=\"https:\/\/www.google.com\/maps\/embed?pb=!1m18!1m12!1m3!1d1758.7857683501575!2d-15.409726541830052!3d28.159528860387695!2m3!1f0!2f0!3f0!3m2!1i1024!2i768!4f13.1!3m3!1m2!1s0xc409555c35f3513%3A0xc2543b2769ac2d22!2sCalle+C%C3%ADa.+Trasatl%C3%A1ntica+Espa%C3%B1ola%2C+7%2C+35008+Las+Palmas+de+Gran+Canaria%2C+Las+Palmas!5e0!3m2!1ses!2ses!4v1449495019863\" width=\"100%\" height=\"450\" frameborder=\"0\" allowfullscreen=\"allowfullscreen\"><\/iframe><\/div>\n<p>[\/vc_column_text][\/vc_column][\/vc_row][vc_row css=&#8221;.vc_custom_1693919637991{padding-top: 30px !important;padding-bottom: 50px !important;}&#8221;][vc_column]<div class=\"divider solid-line\" style=\"text-align:center;\"><div class=\"divider-elm solid-line\" style=\"border-bottom: 1px solid #dddddd; width: 100%;\"><\/div><\/div>[\/vc_column][\/vc_row][vc_row][vc_column width=&#8221;1\/2&#8243;]<div class=\"custom-font \" style=\"text-align:left\"><h4 class=\"custom-font-element custom-font-1 \" style=\"font-size:18; line-height:24; text-transform:uppercase; letter-spacing:0; color:#0f0f0f; \"><\/p>\n<p>Innovation<\/p>\n<p><\/h4 ><\/div><div class=\"divider empty-space\" style=\"text-align:left;\"><div class=\"divider-elm empty-space\" style=\"\"><\/div><\/div>[vc_column_text css=&#8221;.vc_custom_1693911803689{padding-top: 20px !important;padding-bottom: 30px !important;}&#8221;]<\/p>\n<p>Activities related to the blue economy thrive in the Canary Islands within a highly dynamic and internationalized market. To enhance business opportunities in this fiercely competitive market, investments in technology are needed to assist organizations in becoming more competitive, efficient, and sustainable. The foundation of this integration must be innovation in processes, products, and services. Within REPNAVAL&#8217;s ongoing process of improvement and the dual transition &#8211; digital and ecological, the NEU project is part of the organization&#8217;s strategy to become a 4.0 shipyard and decarbonized entity. The focus is on modernizing industrial equipment through the acquisition and implementation of equipment, the parameterization of intelligent enabling technologies, and their integration into the company&#8217;s processes.<\/p>\n<p>[\/vc_column_text][vc_single_image image=&#8221;31218&#8243; img_size=&#8221;full&#8221; alignment=&#8221;center&#8221;][\/vc_column][vc_column width=&#8221;1\/2&#8243;][vc_single_image image=&#8221;30439&#8243; img_size=&#8221;full&#8221; alignment=&#8221;center&#8221;][vc_raw_html css=&#8221;&#8221;]JTNDZGl2JTIwc3R5bGUlM0QlMjJkaXNwbGF5JTNBJTIwZmxleCUzQiUyMGp1c3RpZnktY29udGVudCUzQSUyMGNlbnRlciUzQiUyMGFsaWduLWl0ZW1zJTNBJTIwY2VudGVyJTNCJTIwdGV4dC1hbGlnbiUzQSUyMGNlbnRlciUzQiUyMGZsZXgtZGlyZWN0aW9uJTNBJTIwY29sdW1uJTNCJTIwd2lkdGglM0ElMjAxMDAlMjUlM0IlMjBwYWRkaW5nJTNBJTIwMjBweCUzQiUyMiUzRSUwQSUyMCUyMCUzQ2RpdiUyMHRpdGxlJTNEJTIyU2VsbG8lMjBQWU1FJTIwSU5OT1ZBRE9SQSUyMDIwJTJGMDMlMkYyMDI4JTIyJTIwc3R5bGUlM0QlMjJtYXgtd2lkdGglM0ElMjAyMzhweCUzQiUyMiUzRSUwQSUyMCUyMCUyMCUyMCUzQ2ElMjBzdHlsZSUzRCUyMnRleHQtZGVjb3JhdGlvbiUzQSUyMG5vbmUlM0IlMjIlMjB0YXJnZXQlM0QlMjJfYmxhbmslMjIlMjBocmVmJTNEJTIyaHR0cHMlM0ElMkYlMkZhcGxpY2FjaW9uZXMuY2llbmNpYS5nb2IuZXMlMkZweWklMkZpbmZvUFlJLmRvJTNGY2lmJTNEQTM1MDAwMTczJTIyJTIwdGl0bGUlM0QlMjJJciUyMGElMjAlMjdTZWxsbyUyMFB5bWUlMjBJbm5vdmFkb3JhJTIwY29uJTIwdmFsaWRleiUyMDIwJTJGMDMlMkYyMDI4JTIwJTI3JTIwZW4lMjB2ZW50YW5hJTIwbnVldmElMjIlM0UlMEElMjAlMjAlMjAlMjAlMjAlMjAlM0NkaXYlM0UlMEElMjAlMjAlMjAlMjAlMjAlMjAlMjAlMjAlM0NpbWclMjBhbHQlM0QlMjJTZWxsbyUyMFBZTUUlMjBJTk5PVkFET1JBJTIwMjAlMkYwMyUyRjIwMjglMjIlMjBzcmMlM0QlMjJodHRwcyUzQSUyRiUyRmFwbGljYWNpb25lcy5jaWVuY2lhLmdvYi5lcyUyRnB5aSUyRmltYWdlbmVzJTJGc2VsbG8uanBnJTIyJTIwJTJGJTNFJTBBJTIwJTIwJTIwJTIwJTIwJTIwJTNDJTJGZGl2JTNFJTBBJTIwJTIwJTIwJTIwJTIwJTIwJTNDZGl2JTIwc3R5bGUlM0QlMjJjb2xvciUzQSUyMCUyMzAwMDAwMCUzQiUyMHRleHQtZGVjb3JhdGlvbiUzQSUyMG5vbmUlM0IlMjBtYXJnaW4tdG9wJTNBJTIwMTBweCUzQiUyMG1hcmdpbi1ib3R0b20lM0ElMjAxMHB4JTNCJTIyJTNFJTBBJTIwJTIwJTIwJTIwJTIwJTIwJTIwJTIwJTNDZGl2JTIwc3R5bGUlM0QlMjJmb250LXdlaWdodCUzQSUyMGJvbGQlM0IlMjBmb250LXNpemUlM0ElMjAxNnB4JTNCJTIyJTNFQTM1MDAwMTczJTNDJTJGZGl2JTNFJTBBJTIwJTIwJTIwJTIwJTIwJTIwJTIwJTIwJTNDZGl2JTIwc3R5bGUlM0QlMjJmb250LXdlaWdodCUzQSUyMGJvbGQlM0IlMjBmb250LXNpemUlM0ElMjAxMnB4JTNCJTIyJTNFUkVQQVJBQ0lPTkVTJTIwTkFWQUxFUyUyMENBTkFSSUFTJTIwU0ElM0MlMkZkaXYlM0UlMEElMjAlMjAlMjAlMjAlMjAlMjAlMjAlMjAlM0NkaXYlMjBzdHlsZSUzRCUyMmZvbnQtd2VpZ2h0JTNBJTIwYm9sZCUzQiUyMGZvbnQtc2l6ZSUzQSUyMDE2cHglM0IlMjIlM0VQWU1FJTIwSU5OT1ZBRE9SQSUzQyUyRmRpdiUzRSUwQSUyMCUyMCUyMCUyMCUyMCUyMCUyMCUyMCUzQ2RpdiUyMHN0eWxlJTNEJTIyZm9udC1zaXplJTNBJTIwMTBweCUzQiUyMiUzRVYlQzMlQTFsaWRvJTIwZW50cmUlMjAyMCUyRjAzJTJGMjAyNSUyMC0lMjAyMCUyRjAzJTJGMjAyOCUzQyUyRmRpdiUzRSUwQSUyMCUyMCUyMCUyMCUyMCUyMCUzQyUyRmRpdiUzRSUwQSUyMCUyMCUyMCUyMCUyMCUyMCUzQ2RpdiUzRSUwQSUyMCUyMCUyMCUyMCUyMCUyMCUyMCUyMCUzQ2ltZyUyMGFsdCUzRCUyMmVzY3VkbyUyMGRlJTIwTUVJQyUyMDIwJTJGMDMlMkYyMDI4JTIyJTIwc3JjJTNEJTIyaHR0cHMlM0ElMkYlMkZhcGxpY2FjaW9uZXMuY2llbmNpYS5nb2IuZXMlMkZweWklMkZpbWFnZW5lcyUyRmVzY3Vkby5qcGclMjIlMjAlMkYlM0UlMEElMjAlMjAlMjAlMjAlMjAlMjAlM0MlMkZkaXYlM0UlMEElMjAlMjAlMjAlMjAlM0MlMkZhJTNFJTBBJTIwJTIwJTNDJTJGZGl2JTNFJTBBJTNDJTJGZGl2JTNF[\/vc_raw_html][vc_single_image image=&#8221;34923&#8243; img_size=&#8221;full&#8221; alignment=&#8221;center&#8221;][\/vc_column][\/vc_row][vc_row][vc_column]<div class=\"divider empty-space\" style=\"text-align:left;\"><div class=\"divider-elm empty-space\" style=\"margin-top:40; margin-bottom:40; \"><\/div><\/div>[\/vc_column][\/vc_row][vc_row][vc_column width=&#8221;1\/2&#8243;][vc_single_image image=&#8221;32633&#8243; img_size=&#8221;full&#8221; alignment=&#8221;center&#8221;][vc_wp_text]<\/p>\n<p style=\"text-align: center;\">Fondo Europeo de Desarrollo Regional<br \/>\nUna manera de hacer Europa<\/p>\n<p>[\/vc_wp_text][\/vc_column][vc_column width=&#8221;1\/2&#8243;][vc_column_text css=&#8221;.vc_custom_1693918763105{padding-top: 20px !important;padding-bottom: 30px !important;}&#8221;]<\/p>\n<p style=\"text-align: justify;\"><strong>REPNAVAL<\/strong> ha sido beneficiaria del Fondo Europeo de Desarrollo Regional, cuyo objetivo es mejorar la competitividad de las PYMES y gracias a lo que ha realizado labores de internacionalizaci\u00f3n en la feria internacional NorShipping, en Oslo, Noruega, del 4 al 11 de junio del 2023 para promover la internacionalizaci\u00f3n de las PYMES. Para ello ha contado con el apoyo del Programa Plan Internacional de Promoci\u00f3n de la C\u00e1mara de Comercio de Gran Canaria<\/p>\n<p>[\/vc_column_text][\/vc_column][\/vc_row]<\/p>\n<\/div>","protected":false},"excerpt":{"rendered":"<p>[vc_row row_type=&#8221;fullwidth_content&#8221; parallax_speed=&#8221;0.5&#8243;][vc_column][rev_slider_vc alias=&#8221;repnaval-eng&#8221;][\/vc_column][\/vc_row][vc_row full_width=&#8221;stretch_row&#8221; background_color=&#8221;#022e64&#8243; css=&#8221;.vc_custom_1693919017182{padding-top: 10px !important;padding-bottom: 10px !important;}&#8221; el_class=&#8221;fila_iconos_sociales&#8221;][vc_column text_align=&#8221;center&#8221; offset=&#8221;vc_col-lg-offset-0 vc_col-lg-12&#8243;][\/vc_column][\/vc_row][vc_row el_class=&#8221;fila_botones&#8221; css=&#8221;.vc_custom_1693919384049{padding-top: 40px !important;}&#8221;][vc_column][\/vc_column][\/vc_row][vc_row css=&#8221;.vc_custom_1449169407342{padding-top: 0px !important;}&#8221;][vc_column width=&#8221;7\/12&#8243;][vc_column_text css=&#8221;.vc_custom_1454075026246{padding-top: 30px !important;padding-bottom: 20px !important;}&#8221;] Quality objetives \u00a0 REPNAVAL is a shipyard specialized in repairs, conversions and maintenance of ships weighing up to 5500 MT in dry&#8230;<\/p>\n","protected":false},"author":2,"featured_media":0,"parent":7083,"menu_order":8,"comment_status":"closed","ping_status":"closed","template":"template-builder.php","meta":{"_s2mail":"","footnotes":""},"class_list":["post-7089","page","type-page","status-publish","hentry"],"_links":{"self":[{"href":"https:\/\/www.zamakonayards.com\/en\/wp-json\/wp\/v2\/pages\/7089","targetHints":{"allow":["GET"]}}],"collection":[{"href":"https:\/\/www.zamakonayards.com\/en\/wp-json\/wp\/v2\/pages"}],"about":[{"href":"https:\/\/www.zamakonayards.com\/en\/wp-json\/wp\/v2\/types\/page"}],"author":[{"embeddable":true,"href":"https:\/\/www.zamakonayards.com\/en\/wp-json\/wp\/v2\/users\/2"}],"replies":[{"embeddable":true,"href":"https:\/\/www.zamakonayards.com\/en\/wp-json\/wp\/v2\/comments?post=7089"}],"version-history":[{"count":19,"href":"https:\/\/www.zamakonayards.com\/en\/wp-json\/wp\/v2\/pages\/7089\/revisions"}],"predecessor-version":[{"id":34925,"href":"https:\/\/www.zamakonayards.com\/en\/wp-json\/wp\/v2\/pages\/7089\/revisions\/34925"}],"up":[{"embeddable":true,"href":"https:\/\/www.zamakonayards.com\/en\/wp-json\/wp\/v2\/pages\/7083"}],"wp:attachment":[{"href":"https:\/\/www.zamakonayards.com\/en\/wp-json\/wp\/v2\/media?parent=7089"}],"curies":[{"name":"wp","href":"https:\/\/api.w.org\/{rel}","templated":true}]}}